{"id":23,"date":"2012-03-18T10:30:57","date_gmt":"2012-03-18T10:30:57","guid":{"rendered":"http:\/\/www.inambiente.it\/new\/?page_id=23"},"modified":"2012-04-30T15:26:38","modified_gmt":"2012-04-30T15:26:38","slug":"info","status":"publish","type":"page","link":"https:\/\/www.inambiente.it\/index.php\/info\/","title":{"rendered":"Info"},"content":{"rendered":"<div id=\"ri_adv_end_content\"><script async src=\"\/\/pagead2.googlesyndication.com\/pagead\/js\/adsbygoogle.js\"><\/script>\r\n\t\t\t\t<!-- Appunti Ingegneria -->\r\n\t\t\t\t<ins class=\"adsbygoogle\"\r\n\t\t\t\t\t style=\"display:block\"\r\n\t\t\t\t\t data-ad-client=\"ca-pub-5194127282884067\"\r\n\t\t\t\t\t data-ad-slot=\"8299779634\"\r\n\t\t\t\t\t data-ad-format=\"auto\"><\/ins>\r\n\t\t\t\t<script>\r\n\t\t\t\t(adsbygoogle = window.adsbygoogle || []).push({});\r\n\t\t\t\t<\/script><\/div><p>Il portale degli studenti di ingegneria\u00a0<a href=\"http:\/\/www.inambiente.it\/\"><span style=\"color: #2661a3;\">www.inambiente.it<\/span><\/a>, \u00e8 nato come punto di aggregazione per tutti gli studenti che hanno difficolt\u00e0 nel reperire informazioni e nel trovare punti di incontro, per confrontarsi e discutere di argomenti didattici. Oggi,\u00a0<a href=\"http:\/\/www.inambiente.it\/\"><span style=\"color: #2661a3;\">www.inambiente.it<\/span><\/a>, conta centinaia di iscritti, centinaia di appunti da poter consultare e, pi\u00f9 di cinquemila download testimoniano l&#8217;effettiva utilit\u00e0 del servizio. Oltre al materiale puramente didattico, ci sono centinaia di articoli commentabili ed un potentissimo forum con moderatori sempre pronti a rispondere e ad aiutare chi ne ha bisogno. Il tutto, e lo sapete, \u00e8 gratis e senza nulla a pretendere.<\/p>\n<p>Oltre alla sezione dedicata alla didattica ed agli appunti, il portale dispone anche di un blog dove pubblichiamo articoli di carattere generale.<\/p>\n<p>La comunicazione \u00e8 importante, come lo \u00e8 la condivisione. Pi\u00f9 si parla, pi\u00f9 ci si confronta e pi\u00f9 si riesce a comprendere e correggere i nostri limiti. Siamo e sarete ingegneri, e l&#8217;ingegno si alimenta con la parola e con la lettura.<\/p>\n","protected":false},"excerpt":{"rendered":"<p>Il portale degli studenti di ingegneria\u00a0www.inambiente.it, \u00e8 nato come punto di aggregazione per tutti gli studenti che hanno difficolt\u00e0 nel reperire informazioni e nel trovare punti di incontro, per confrontarsi e discutere di argomenti didattici. Oggi,\u00a0www.inambiente.it, conta centinaia di iscritti, centinaia di appunti da poter consultare e, pi\u00f9 di cinquemila download testimoniano l&#8217;effettiva utilit\u00e0 del [&hellip;]<\/p>\n","protected":false},"author":1,"featured_media":0,"parent":0,"menu_order":0,"comment_status":"open","ping_status":"open","template":"","meta":{"_links_to":"","_links_to_target":""},"yoast_head":"<!-- This site is optimized with the Yoast SEO plugin v15.1.1 - https:\/\/yoast.com\/wordpress\/plugins\/seo\/ -->\r\n<meta name=\"robots\" content=\"index, follow, max-snippet:-1, max-image-preview:large, max-video-preview:-1\" \/>\r\n<link rel=\"canonical\" href=\"https:\/\/www.inambiente.it\/index.php\/info\/\" \/>\r\n<meta property=\"og:locale\" content=\"it_IT\" \/>\r\n<meta property=\"og:type\" content=\"article\" \/>\r\n<meta property=\"og:title\" content=\"Info - InAmbienTe\" \/>\r\n<meta property=\"og:description\" content=\"Il portale degli studenti di ingegneria\u00a0www.inambiente.it, \u00e8 nato come punto di aggregazione per tutti gli studenti che hanno difficolt\u00e0 nel reperire informazioni e nel trovare punti di incontro, per confrontarsi e discutere di argomenti didattici. Oggi,\u00a0www.inambiente.it, conta centinaia di iscritti, centinaia di appunti da poter consultare e, pi\u00f9 di cinquemila download testimoniano l&#8217;effettiva utilit\u00e0 del [&hellip;]\" \/>\r\n<meta property=\"og:url\" content=\"https:\/\/www.inambiente.it\/index.php\/info\/\" \/>\r\n<meta property=\"og:site_name\" content=\"InAmbienTe\" \/>\r\n<meta property=\"article:publisher\" content=\"https:\/\/www.facebook.com\/inambiente\" \/>\r\n<meta property=\"article:modified_time\" content=\"2012-04-30T15:26:38+00:00\" \/>\r\n<meta name=\"twitter:card\" content=\"summary\" \/>\r\n<script type=\"application\/ld+json\" class=\"yoast-schema-graph\">{\"@context\":\"https:\/\/schema.org\",\"@graph\":[{\"@type\":\"WebSite\",\"@id\":\"https:\/\/www.inambiente.it\/#website\",\"url\":\"https:\/\/www.inambiente.it\/\",\"name\":\"InAmbienTe\",\"description\":\"Il Portale degli Studenti di Ingegneria\",\"potentialAction\":[{\"@type\":\"SearchAction\",\"target\":\"https:\/\/www.inambiente.it\/?s={search_term_string}\",\"query-input\":\"required name=search_term_string\"}],\"inLanguage\":\"it-IT\"},{\"@type\":\"WebPage\",\"@id\":\"https:\/\/www.inambiente.it\/index.php\/info\/#webpage\",\"url\":\"https:\/\/www.inambiente.it\/index.php\/info\/\",\"name\":\"Info - InAmbienTe\",\"isPartOf\":{\"@id\":\"https:\/\/www.inambiente.it\/#website\"},\"datePublished\":\"2012-03-18T10:30:57+00:00\",\"dateModified\":\"2012-04-30T15:26:38+00:00\",\"inLanguage\":\"it-IT\",\"potentialAction\":[{\"@type\":\"ReadAction\",\"target\":[\"https:\/\/www.inambiente.it\/index.php\/info\/\"]}]}]}<\/script>\r\n<!-- \/ Yoast SEO plugin. -->","_links":{"self":[{"href":"https:\/\/www.inambiente.it\/index.php\/wp-json\/wp\/v2\/pages\/23"}],"collection":[{"href":"https:\/\/www.inambiente.it\/index.php\/wp-json\/wp\/v2\/pages"}],"about":[{"href":"https:\/\/www.inambiente.it\/index.php\/wp-json\/wp\/v2\/types\/page"}],"author":[{"embeddable":true,"href":"https:\/\/www.inambiente.it\/index.php\/wp-json\/wp\/v2\/users\/1"}],"replies":[{"embeddable":true,"href":"https:\/\/www.inambiente.it\/index.php\/wp-json\/wp\/v2\/comments?post=23"}],"version-history":[{"count":3,"href":"https:\/\/www.inambiente.it\/index.php\/wp-json\/wp\/v2\/pages\/23\/revisions"}],"predecessor-version":[{"id":648,"href":"https:\/\/www.inambiente.it\/index.php\/wp-json\/wp\/v2\/pages\/23\/revisions\/648"}],"wp:attachment":[{"href":"https:\/\/www.inambiente.it\/index.php\/wp-json\/wp\/v2\/media?parent=23"}],"curies":[{"name":"wp","href":"https:\/\/api.w.org\/{rel}","templated":true}]}}